{"id":65,"date":"2024-07-25T17:26:03","date_gmt":"2024-07-25T15:26:03","guid":{"rendered":"https:\/\/korollerionarmorbihan.fr\/?page_id=65"},"modified":"2025-11-23T14:14:37","modified_gmt":"2025-11-23T13:14:37","slug":"nos-membres","status":"publish","type":"page","link":"https:\/\/korollerionarmorbihan.fr\/index.php\/nos-membres\/","title":{"rendered":"Nos membres"},"content":{"rendered":"\n<div class=\"wp-block-group alignfull has-global-padding is-layout-constrained wp-container-core-group-is-layout-4062b888 wp-block-group-is-layout-constrained\" style=\"padding-top:var(--wp--preset--spacing--20);padding-right:var(--wp--preset--spacing--50);padding-bottom:var(--wp--preset--spacing--20);padding-left:var(--wp--preset--spacing--50)\">\n<div class=\"wp-block-group has-global-padding is-layout-constrained wp-container-core-group-is-layout-eb0ebcb1 wp-block-group-is-layout-constrained\">\n<h4 class=\"wp-block-heading has-text-align-center\">MEMBRES DU BUREAU<\/h4>\n\n\n\n<p>KERAMBLOC\u2019H Philippe Pr\u00e9sident \u2013 ROSNARHO Lo\u00efc Tr\u00e9sorier<\/p>\n\n\n\n<p>BONTEMPS Mo\u00efsette Secr\u00e9taire  &#8211; ROSNARHO Mich\u00e8le Tr\u00e9sori\u00e8re Adjointe<\/p>\n\n\n\n<hr class=\"wp-block-separator has-alpha-channel-opacity\"\/>\n\n\n\n<div style=\"height:20px\" aria-hidden=\"true\" class=\"wp-block-spacer\"><\/div>\n\n\n\n<h4 class=\"wp-block-heading has-text-align-center\">MEMBRES DU CONSEIL D\u2019ADMINISTRATION<\/h4>\n\n\n\n<p>BOISSONOT Philippe \u2013 BONTEMPS Marc &#8211; OTTONELLI Christel &#8211; OTTONELLI Bruno \u2013<\/p>\n\n\n\n<p>TAILLANDIER Annick &#8211; TAILLANDIER Alain &#8211; LE PEUTREC Marielle &#8211; PAUTONNIER Cathy &#8211; BOISSONOT Marie<\/p>\n\n\n\n<hr class=\"wp-block-separator has-alpha-channel-opacity\"\/>\n\n\n\n<div style=\"height:20px\" aria-hidden=\"true\" class=\"wp-block-spacer\"><\/div>\n\n\n\n<p><\/p>\n\n\n\n<hr class=\"wp-block-separator has-alpha-channel-opacity\"\/>\n\n\n\n<div style=\"height:20px\" aria-hidden=\"true\" class=\"wp-block-spacer\"><\/div>\n\n\n\n<div style=\"height:1.25rem\" aria-hidden=\"true\" class=\"wp-block-spacer\"><\/div>\n<\/div>\n\n\n\n<div style=\"height:var(--wp--preset--spacing--30)\" aria-hidden=\"true\" class=\"wp-block-spacer\"><\/div>\n\n\n\n<figure class=\"wp-block-image alignwide size-full has-custom-border is-style-rounded is-style-rounded--1\"><img decoding=\"async\" src=\"https:\/\/korollerionarmorbihan.fr\/wp-content\/uploads\/2024\/07\/membres.jpg\" alt=\"Photo des membres du bureau et du conseil d\u2019administration\" class=\"wp-image-53\" style=\"border-radius:20px\"\/><\/figure>\n<\/div>\n\n\n","protected":false},"excerpt":{"rendered":"<p>MEMBRES DU BUREAU KERAMBLOC\u2019H Philippe Pr\u00e9sident \u2013 ROSNARHO Lo\u00efc Tr\u00e9sorier BONTEMPS Mo\u00efsette Secr\u00e9taire &#8211; ROSNARHO Mich\u00e8le Tr\u00e9sori\u00e8re Adjointe MEMBRES DU CONSEIL D\u2019ADMINISTRATION BOISSONOT Philippe \u2013 BONTEMPS Marc &#8211; OTTONELLI Christel &#8211; OTTONELLI Bruno \u2013 TAILLANDIER Annick &#8211; TAILLANDIER Alain &#8211; LE PEUTREC Marielle &#8211; PAUTONNIER Cathy &#8211; BOISSONOT Marie<\/p>\n","protected":false},"author":1,"featured_media":0,"parent":0,"menu_order":0,"comment_status":"closed","ping_status":"closed","template":"page-no-title","meta":{"footnotes":""},"class_list":["post-65","page","type-page","status-publish","hentry"],"_links":{"self":[{"href":"https:\/\/korollerionarmorbihan.fr\/index.php\/wp-json\/wp\/v2\/pages\/65","targetHints":{"allow":["GET"]}}],"collection":[{"href":"https:\/\/korollerionarmorbihan.fr\/index.php\/wp-json\/wp\/v2\/pages"}],"about":[{"href":"https:\/\/korollerionarmorbihan.fr\/index.php\/wp-json\/wp\/v2\/types\/page"}],"author":[{"embeddable":true,"href":"https:\/\/korollerionarmorbihan.fr\/index.php\/wp-json\/wp\/v2\/users\/1"}],"replies":[{"embeddable":true,"href":"https:\/\/korollerionarmorbihan.fr\/index.php\/wp-json\/wp\/v2\/comments?post=65"}],"version-history":[{"count":14,"href":"https:\/\/korollerionarmorbihan.fr\/index.php\/wp-json\/wp\/v2\/pages\/65\/revisions"}],"predecessor-version":[{"id":474,"href":"https:\/\/korollerionarmorbihan.fr\/index.php\/wp-json\/wp\/v2\/pages\/65\/revisions\/474"}],"wp:attachment":[{"href":"https:\/\/korollerionarmorbihan.fr\/index.php\/wp-json\/wp\/v2\/media?parent=65"}],"curies":[{"name":"wp","href":"https:\/\/api.w.org\/{rel}","templated":true}]}}