{"id":70,"date":"2024-09-02T08:31:58","date_gmt":"2024-09-02T06:31:58","guid":{"rendered":"https:\/\/korollerionarmorbihan.fr\/?page_id=70"},"modified":"2024-12-18T15:00:53","modified_gmt":"2024-12-18T14:00:53","slug":"accueil","status":"publish","type":"page","link":"https:\/\/korollerionarmorbihan.fr\/","title":{"rendered":"Accueil"},"content":{"rendered":"\n<div class=\"wp-block-group alignfull has-accent-background-color has-background has-global-padding is-layout-constrained wp-container-core-group-is-layout-669513ed wp-block-group-is-layout-constrained\" style=\"margin-top:0;margin-bottom:0;padding-top:var(--wp--preset--spacing--50);padding-right:var(--wp--preset--spacing--50);padding-bottom:var(--wp--preset--spacing--50);padding-left:var(--wp--preset--spacing--50)\">\n<div class=\"wp-block-columns alignwide is-layout-flex wp-container-core-columns-is-layout-1da03c2a wp-block-columns-is-layout-flex\">\n<div class=\"wp-block-column is-vertically-aligned-stretch is-layout-flow wp-block-column-is-layout-flow\" style=\"flex-basis:50%\">\n<div class=\"wp-block-group is-vertical is-content-justification-stretch is-layout-flex wp-container-core-group-is-layout-444d5ee8 wp-block-group-is-layout-flex\" style=\"min-height:100%\">\n<p class=\"has-heading-font-family has-large-font-size\" style=\"line-height:1.2\">Une troupe dynamique d&rsquo;amis fid\u00e8les qui partage la passion commune\u2009de la danse, la musique bretonne avec des musiciens, mais aussi l\u2019envie de se rejoindre dans la joie et la bonne humeur, c&rsquo;est donc tout naturellement que l&rsquo;association Korollerion ar Mor Bihan a \u00e9t\u00e9 fond\u00e9e. Nous souhaitons partager les danses traditionnelles de la Bretagne.<\/p>\n\n\n\n<p class=\"has-heading-font-family has-large-font-size\" style=\"line-height:1.2\">Nous animons des cours adultes ouverts \u00e0 tous les niveaux. Korollerion ar Mor Bihan c&rsquo;est un v\u00e9ritable savoir-faire pour toutes les personnes qui veulent apprendre \u00e0 danser et partager des moments collectifs dans les Fest Deiz et Noz. <\/p>\n\n\n\n<p class=\"has-heading-font-family has-large-font-size\" style=\"line-height:1.2\">Korollerion ar Bihan propose des initiations, d\u00e9monstrations, stages de danses bretonnes, organisations de conf\u00e9rences, expositions, \u00e9v\u00e8nements sportifs, culturels et celtiques, d\u00e9couverte terroirs bretons ou d&rsquo;ailleurs, participations \u00e0 des repr\u00e9sentations publiques ou priv\u00e9es.<\/p>\n\n\n\n<p><\/p>\n<\/div>\n<\/div>\n\n\n\n<div class=\"wp-block-column is-vertically-aligned-center is-layout-flow wp-block-column-is-layout-flow\" style=\"flex-basis:50%\">\n<figure class=\"wp-block-image aligncenter size-full\"><img loading=\"lazy\" decoding=\"async\" width=\"515\" height=\"916\" src=\"https:\/\/korollerionarmorbihan.fr\/wp-content\/uploads\/2024\/09\/accueil.jpg\" alt=\"Philippe et ses musiciens\" class=\"wp-image-71\" srcset=\"https:\/\/korollerionarmorbihan.fr\/wp-content\/uploads\/2024\/09\/accueil.jpg 515w, https:\/\/korollerionarmorbihan.fr\/wp-content\/uploads\/2024\/09\/accueil-169x300.jpg 169w\" sizes=\"auto, (max-width: 515px) 100vw, 515px\" \/><\/figure>\n<\/div>\n<\/div>\n\n\n\n<p class=\"has-text-align-right has-medium-font-size\">Philippe et ses musiciens<\/p>\n<\/div>\n","protected":false},"excerpt":{"rendered":"<p>Une troupe dynamique d&rsquo;amis fid\u00e8les qui partage la passion commune\u2009de la danse, la musique bretonne avec des musiciens, mais aussi l\u2019envie de se rejoindre dans la joie et la bonne humeur, c&rsquo;est donc tout naturellement que l&rsquo;association Korollerion ar Mor Bihan a \u00e9t\u00e9 fond\u00e9e. Nous souhaitons partager les danses traditionnelles de la Bretagne. Nous animons [&hellip;]<\/p>\n","protected":false},"author":1,"featured_media":71,"parent":0,"menu_order":0,"comment_status":"closed","ping_status":"closed","template":"page-no-title","meta":{"footnotes":""},"class_list":["post-70","page","type-page","status-publish","has-post-thumbnail","hentry"],"_links":{"self":[{"href":"https:\/\/korollerionarmorbihan.fr\/index.php\/wp-json\/wp\/v2\/pages\/70","targetHints":{"allow":["GET"]}}],"collection":[{"href":"https:\/\/korollerionarmorbihan.fr\/index.php\/wp-json\/wp\/v2\/pages"}],"about":[{"href":"https:\/\/korollerionarmorbihan.fr\/index.php\/wp-json\/wp\/v2\/types\/page"}],"author":[{"embeddable":true,"href":"https:\/\/korollerionarmorbihan.fr\/index.php\/wp-json\/wp\/v2\/users\/1"}],"replies":[{"embeddable":true,"href":"https:\/\/korollerionarmorbihan.fr\/index.php\/wp-json\/wp\/v2\/comments?post=70"}],"version-history":[{"count":28,"href":"https:\/\/korollerionarmorbihan.fr\/index.php\/wp-json\/wp\/v2\/pages\/70\/revisions"}],"predecessor-version":[{"id":348,"href":"https:\/\/korollerionarmorbihan.fr\/index.php\/wp-json\/wp\/v2\/pages\/70\/revisions\/348"}],"wp:featuredmedia":[{"embeddable":true,"href":"https:\/\/korollerionarmorbihan.fr\/index.php\/wp-json\/wp\/v2\/media\/71"}],"wp:attachment":[{"href":"https:\/\/korollerionarmorbihan.fr\/index.php\/wp-json\/wp\/v2\/media?parent=70"}],"curies":[{"name":"wp","href":"https:\/\/api.w.org\/{rel}","templated":true}]}}